{"id":350,"date":"2019-11-20T18:52:11","date_gmt":"2019-11-20T18:52:11","guid":{"rendered":"http:\/\/erben-mayer.de\/uvodni-strana\/"},"modified":"2020-02-05T07:03:24","modified_gmt":"2020-02-05T07:03:24","slug":"uvodni-strana","status":"publish","type":"page","link":"https:\/\/erben-mayer.de\/cs\/uvodni-strana\/","title":{"rendered":"\u00davodn\u00ed strana"},"content":{"rendered":"<p><div class=\"fusion-fullwidth fullwidth-box fusion-builder-row-1 nonhundred-percent-fullwidth non-hundred-percent-height-scrolling\" style=\"--awb-border-radius-top-left:0px;--awb-border-radius-top-right:0px;--awb-border-radius-bottom-right:0px;--awb-border-radius-bottom-left:0px;--awb-flex-wrap:wrap;\" ><div class=\"fusion-builder-row fusion-row\"><div class=\"fusion-layout-column fusion_builder_column fusion-builder-column-0 fusion_builder_column_1_1 1_1 fusion-one-full fusion-column-first fusion-column-last\" style=\"--awb-bg-size:cover;\"><div class=\"fusion-column-wrapper fusion-column-has-shadow fusion-flex-column-wrapper-legacy\"><div class=\"fusion-title title fusion-title-1 fusion-title-center fusion-title-text fusion-title-size-one\" style=\"--awb-text-color:#145690;--awb-sep-color:#145690;\"><div class=\"title-sep-container title-sep-container-left\"><div class=\"title-sep sep-double sep-dashed\" style=\"border-color:#145690;\"><\/div><\/div><span class=\"awb-title-spacer\"><\/span><h1 class=\"fusion-title-heading title-heading-center\" style=\"margin:0;\"><p style=\"text-align: center;\"><strong>V\u00edtejte u Erbenermittlung Reinhard Mayer<\/strong><\/p><\/h1><span class=\"awb-title-spacer\"><\/span><div class=\"title-sep-container title-sep-container-right\"><div class=\"title-sep sep-double sep-dashed\" style=\"border-color:#145690;\"><\/div><\/div><\/div><div class=\"fusion-clearfix\"><\/div><\/div><\/div><\/div><\/div><div class=\"fusion-fullwidth fullwidth-box fusion-builder-row-2 nonhundred-percent-fullwidth non-hundred-percent-height-scrolling\" style=\"--awb-border-radius-top-left:0px;--awb-border-radius-top-right:0px;--awb-border-radius-bottom-right:0px;--awb-border-radius-bottom-left:0px;--awb-flex-wrap:wrap;\" ><div class=\"fusion-builder-row fusion-row\"><div class=\"fusion-layout-column fusion_builder_column fusion-builder-column-1 fusion_builder_column_1_1 1_1 fusion-one-full fusion-column-first fusion-column-last\" style=\"--awb-bg-size:cover;\"><div class=\"fusion-column-wrapper fusion-column-has-shadow fusion-flex-column-wrapper-legacy\"><div class=\"fusion-text fusion-text-1 awb-text-cols fusion-text-columns-2\" style=\"--awb-columns:2;--awb-column-spacing:2em;--awb-column-min-width:100px;--awb-rule-style:1px solid var(--awb-color3);\"><p><strong>Jako profesion\u00e1ln\u00ed kancel\u00e1\u0159i, zab\u00fdvaj\u00edc\u00ed se p\u00e1tr\u00e1n\u00edm po d\u011bdic\u00edch, se n\u00e1m s pou\u017eit\u00edm v\u0161ech dostupn\u00fdch mo\u017enost\u00ed ve v\u011bt\u0161in\u011b p\u0159\u00edpad\u016f da\u0159\u00ed d\u011bdice nal\u00e9zt a odvr\u00e1tit tak v jejich prosp\u011bch to, aby d\u011bdictv\u00ed nabyl st\u00e1t (od\u00famr\u0165).<\/strong><br \/>\n<strong>Vedle odborn\u00fdch znalost\u00ed a letit\u00e9 zku\u0161enosti disponujeme takt\u00e9\u017e rozs\u00e1hl\u00fdmi prost\u0159edky, jako je odborn\u00e1 literatura, vlastn\u00ed datab\u00e1ze a p\u0159\u00edstup do extern\u00edch datab\u00e1z\u00ed. \u00a0Re\u0161er\u0161e prov\u00e1d\u00ed na\u0161i spolupracovn\u00edci nejen koresponden\u010dn\u011b, ale i osobn\u011b a na m\u00edst\u011b v\u00a0archivech a na \u00fa\u0159adech.<\/strong><\/p>\n<p><strong>Abychom zaru\u010dili \u00fasp\u011b\u0161n\u00e9 vy\u0159\u00edzen\u00ed d\u011bdick\u00e9 z\u00e1le\u017eitosti, obstar\u00e1v\u00e1me tak\u00e9 v\u0161echny pot\u0159ebn\u00e9 matri\u010dn\u00ed doklady a poskytujeme podporu d\u011bdic\u016fm \u2013 v souvislosti s jedn\u00e1n\u00edm s not\u00e1\u0159i a specializovan\u00fdmi pr\u00e1vn\u00edky \u2013 p\u0159i pod\u00e1v\u00e1n\u00ed \u017e\u00e1dosti o vystaven\u00ed osv\u011bd\u010den\u00ed o d\u011bdictv\u00ed a p\u0159i kone\u010dn\u00e9m vy\u0159\u00edzen\u00ed v\u011bci po ud\u011blen\u00ed osv\u011bd\u010den\u00ed o d\u011bdictv\u00ed. <\/strong><\/p>\n<p><strong>Na\u0161e slu\u017eby poskytujeme spr\u00e1vc\u016fm d\u011bdictv\u00ed zdarma. \u00a0S\u00a0vyhledan\u00fdmi d\u011bdici si dohodneme procentu\u00e1ln\u00ed honor\u00e1\u0159 odv\u00edjej\u00edc\u00ed se od \u00fasp\u011b\u0161nosti vy\u0159\u00edzen\u00e9ho d\u011bdictv\u00ed. Tento honor\u00e1\u0159 je hrazen a\u017e p\u0159i v\u00fdplat\u011b finan\u010dn\u00edch aktiv d\u011bdic\u016fm a kryje ve\u0161ker\u00e9 poskytovan\u00e9 slu\u017eby. <\/strong><\/p>\n<p><strong>A\u017e do okam\u017eiku, ne\u017e jsou finan\u010dn\u00ed aktiva vypl\u00e1cena d\u011bdic\u016fm, neseme ve\u0161ker\u00e9 n\u00e1klady<\/strong><strong>.<\/strong><\/p>\n<\/div><div class=\"fusion-clearfix\"><\/div><\/div><\/div><\/div><\/div><div class=\"fusion-fullwidth fullwidth-box fusion-builder-row-3 nonhundred-percent-fullwidth non-hundred-percent-height-scrolling\" style=\"--awb-border-radius-top-left:0px;--awb-border-radius-top-right:0px;--awb-border-radius-bottom-right:0px;--awb-border-radius-bottom-left:0px;--awb-flex-wrap:wrap;\" ><div class=\"fusion-builder-row fusion-row\"><div class=\"fusion-layout-column fusion_builder_column fusion-builder-column-2 fusion_builder_column_1_1 1_1 fusion-one-full fusion-column-first fusion-column-last\" style=\"--awb-bg-size:cover;\"><div class=\"fusion-column-wrapper fusion-column-has-shadow fusion-flex-column-wrapper-legacy\"><div class=\"fusion-sep-clear\"><\/div><div class=\"fusion-separator fusion-full-width-sep\" style=\"margin-left: auto;margin-right: auto;margin-bottom:20px;width:100%;\"><div class=\"fusion-separator-border sep-shadow\" style=\"--awb-height:20px;--awb-amount:20px;--awb-sep-color:#000000;background:radial-gradient(ellipse at 50% -50% , #000000 0px, rgba(255, 255, 255, 0) 80%) repeat scroll 0 0 rgba(0, 0, 0, 0);background:-webkit-radial-gradient(ellipse at 50% -50% , #000000 0px, rgba(255, 255, 255, 0) 80%) repeat scroll 0 0 rgba(0, 0, 0, 0);background:-moz-radial-gradient(ellipse at 50% -50% , #000000 0px, rgba(255, 255, 255, 0) 80%) repeat scroll 0 0 rgba(0, 0, 0, 0);background:-o-radial-gradient(ellipse at 50% -50% , #000000 0px, rgba(255, 255, 255, 0) 80%) repeat scroll 0 0 rgba(0, 0, 0, 0);\"><\/div><\/div><div class=\"fusion-sep-clear\"><\/div><div class=\"fusion-text fusion-text-2\"><h2 style=\"text-align: center;\"><strong>Vyhled\u00e1v\u00e1me z\u00e1konn\u00e9 d\u011bdice poz\u016fstalost\u00ed s majetkovou hodnotou jak v tuzemsku, tak i v zahrani\u010d\u00ed.<br \/>\nZpravidla n\u00e1s k tomu pov\u011b\u0159uj\u00ed soudem ustanoven\u00ed spr\u00e1vci d\u011bdictv\u00ed.<\/strong><\/h2>\n<\/div><div class=\"fusion-sep-clear\"><\/div><div class=\"fusion-separator fusion-full-width-sep\" style=\"margin-left: auto;margin-right: auto;width:100%;\"><div class=\"fusion-separator-border sep-shadow\" style=\"--awb-height:20px;--awb-amount:20px;--awb-sep-color:#000000;background:radial-gradient(ellipse at 50% -50% , #000000 0px, rgba(255, 255, 255, 0) 80%) repeat scroll 0 0 rgba(0, 0, 0, 0);background:-webkit-radial-gradient(ellipse at 50% -50% , #000000 0px, rgba(255, 255, 255, 0) 80%) repeat scroll 0 0 rgba(0, 0, 0, 0);background:-moz-radial-gradient(ellipse at 50% -50% , #000000 0px, rgba(255, 255, 255, 0) 80%) repeat scroll 0 0 rgba(0, 0, 0, 0);background:-o-radial-gradient(ellipse at 50% -50% , #000000 0px, rgba(255, 255, 255, 0) 80%) repeat scroll 0 0 rgba(0, 0, 0, 0);\"><\/div><\/div><div class=\"fusion-sep-clear\"><\/div><div class=\"fusion-clearfix\"><\/div><\/div><\/div><\/div><\/div><div class=\"fusion-fullwidth fullwidth-box fusion-builder-row-4 nonhundred-percent-fullwidth non-hundred-percent-height-scrolling fusion-equal-height-columns\" style=\"--awb-border-radius-top-left:0px;--awb-border-radius-top-right:0px;--awb-border-radius-bottom-right:0px;--awb-border-radius-bottom-left:0px;--awb-flex-wrap:wrap;\" ><div class=\"fusion-builder-row fusion-row\"><div class=\"fusion-layout-column fusion_builder_column fusion-builder-column-3 fusion_builder_column_1_3 1_3 fusion-one-third fusion-column-first\" style=\"--awb-bg-size:cover;width:33.333333333333%;width:calc(33.333333333333% - ( ( 4% + 4% ) * 0.33333333333333 ) );margin-right: 4%;\"><div class=\"fusion-column-wrapper fusion-column-has-shadow fusion-flex-column-wrapper-legacy\"><div class=\"fusion-reading-box-container reading-box-container-1\" style=\"--awb-title-color:#333333;--awb-margin-top:0px;--awb-margin-bottom:20px;\"><div class=\"reading-box\" style=\"background-color:#f6f6f6;border-width:1px;border-color:#145690;border-top-width:3px;border-top-color:var(--primary_color);border-style:solid;\"><div class=\"reading-box-additional\">\n<h3><strong>Na\u0161e slu\u017eby poskytujeme:<\/strong><\/h3>\n<ul>\n<li><strong>d\u011bdick\u00fdm soud\u016fm <\/strong><\/li>\n<li><strong>spr\u00e1vc\u016fm d\u011bdictv\u00ed <\/strong><\/li>\n<li><strong>d\u011bdic\u016fm <\/strong><\/li>\n<li><strong>vykonavatel\u016fm z\u00e1v\u011bti <\/strong><\/li>\n<li><strong>advok\u00e1t\u016fm a not\u00e1\u0159\u016fm <\/strong><\/li>\n<\/ul>\n<\/div><div class=\"fusion-clearfix\"><\/div><\/div><svg style=\"opacity:0.70;\" xmlns=\"http:\/\/www.w3.org\/2000\/svg\" version=\"1.1\" width=\"100%\" viewBox=\"0 0 600 28\" preserveAspectRatio=\"none\"><g clip-path=\"url(#a)\"><mask id=\"b\" style=\"mask-type:luminance\" maskUnits=\"userSpaceOnUse\" x=\"0\" y=\"0\" width=\"600\" height=\"28\"><path d=\"M0 0h600v28H0V0Z\" fill=\"#fff\"\/><\/mask><g filter=\"url(#c)\" mask=\"url(#b)\"><path d=\"M16.439-18.667h567.123v30.8S438.961-8.4 300-8.4C161.04-8.4 16.438 12.133 16.438 12.133v-30.8Z\" fill=\"#000\"\/><\/g><\/g><defs><clipPath id=\"a\"><path fill=\"#fff\" d=\"M0 0h600v28H0z\"\/><\/clipPath><filter id=\"c\" x=\"5.438\" y=\"-29.667\" width=\"589.123\" height=\"52.8\" filterUnits=\"userSpaceOnUse\" color-interpolation-filters=\"sRGB\"><feFlood flood-opacity=\"0\" result=\"BackgroundImageFix\"\/><feBlend in=\"SourceGraphic\" in2=\"BackgroundImageFix\" result=\"shape\"\/><feGaussianBlur stdDeviation=\"5.5\" result=\"effect1_foregroundBlur_3983_183\"\/><\/filter><\/defs><\/svg><\/div><div class=\"fusion-clearfix\"><\/div><\/div><\/div><div class=\"fusion-layout-column fusion_builder_column fusion-builder-column-4 fusion_builder_column_1_3 1_3 fusion-one-third\" style=\"--awb-bg-size:cover;width:33.333333333333%;width:calc(33.333333333333% - ( ( 4% + 4% ) * 0.33333333333333 ) );margin-right: 4%;\"><div class=\"fusion-column-wrapper fusion-column-has-shadow fusion-flex-column-wrapper-legacy\"><div class=\"fusion-reading-box-container reading-box-container-2\" style=\"--awb-title-color:#333333;--awb-margin-top:0px;--awb-margin-bottom:20px;\"><div class=\"reading-box\" style=\"background-color:#f6f6f6;border-width:1px;border-color:#145690;border-top-width:3px;border-top-color:var(--primary_color);border-style:solid;\"><div class=\"reading-box-additional\">\n<h3><strong>Na\u0161e slu\u017eby jsou v d\u011bdick\u00e9m \u0159\u00edzen\u00ed vy\u017eadov\u00e1ny tehdy, pokud &#8230;<\/strong><\/h3>\n<ul>\n<li><strong>nen\u00ed k\u00a0dispozici z\u00e1v\u011b\u0165 <\/strong><\/li>\n<li><strong>je zji\u0161t\u011bn\u00ed p\u0159\u00edbuzn\u00fdch z\u016fstavitele zvl\u00e1\u0161\u0165 komplikovan\u00e9 <\/strong><\/li>\n<li><strong>byly vlastn\u00ed re\u0161er\u0161e d\u011bdick\u00fdch soud\u016f a spr\u00e1vc\u016f d\u011bdictv\u00ed bez\u00fasp\u011b\u0161n\u00e9 <\/strong><\/li>\n<\/ul>\n<\/div><div class=\"fusion-clearfix\"><\/div><\/div><svg style=\"opacity:0.70;\" xmlns=\"http:\/\/www.w3.org\/2000\/svg\" version=\"1.1\" width=\"100%\" viewBox=\"0 0 600 28\" preserveAspectRatio=\"none\"><g clip-path=\"url(#a)\"><mask id=\"b\" style=\"mask-type:luminance\" maskUnits=\"userSpaceOnUse\" x=\"0\" y=\"0\" width=\"600\" height=\"28\"><path d=\"M0 0h600v28H0V0Z\" fill=\"#fff\"\/><\/mask><g filter=\"url(#c)\" mask=\"url(#b)\"><path d=\"M16.439-18.667h567.123v30.8S438.961-8.4 300-8.4C161.04-8.4 16.438 12.133 16.438 12.133v-30.8Z\" fill=\"#000\"\/><\/g><\/g><defs><clipPath id=\"a\"><path fill=\"#fff\" d=\"M0 0h600v28H0z\"\/><\/clipPath><filter id=\"c\" x=\"5.438\" y=\"-29.667\" width=\"589.123\" height=\"52.8\" filterUnits=\"userSpaceOnUse\" color-interpolation-filters=\"sRGB\"><feFlood flood-opacity=\"0\" result=\"BackgroundImageFix\"\/><feBlend in=\"SourceGraphic\" in2=\"BackgroundImageFix\" result=\"shape\"\/><feGaussianBlur stdDeviation=\"5.5\" result=\"effect1_foregroundBlur_3983_183\"\/><\/filter><\/defs><\/svg><\/div><div class=\"fusion-clearfix\"><\/div><\/div><\/div><div class=\"fusion-layout-column fusion_builder_column fusion-builder-column-5 fusion_builder_column_1_3 1_3 fusion-one-third fusion-column-last\" style=\"--awb-bg-size:cover;width:33.333333333333%;width:calc(33.333333333333% - ( ( 4% + 4% ) * 0.33333333333333 ) );\"><div class=\"fusion-column-wrapper fusion-column-has-shadow fusion-flex-column-wrapper-legacy\"><div class=\"fusion-reading-box-container reading-box-container-3\" style=\"--awb-title-color:#333333;--awb-margin-top:0px;--awb-margin-bottom:20px;\"><div class=\"reading-box\" style=\"background-color:#f6f6f6;border-width:1px;border-color:#145690;border-top-width:3px;border-top-color:var(--primary_color);border-style:solid;\"><div class=\"reading-box-additional\">\n<h3><strong>Zem\u011b, v\u00a0nich\u017e prov\u00e1d\u00edme re\u0161er\u0161e:<\/strong><\/h3>\n<ul>\n<li><strong>N\u011bmecko<\/strong><\/li>\n<li><strong>It\u00e1lie<\/strong><\/li>\n<li><strong>\u010cesko<\/strong><\/li>\n<li><strong>Polsko <\/strong><\/li>\n<li><strong>Rakousko <\/strong><\/li>\n<li><strong>USA<\/strong><\/li>\n<\/ul>\n<\/div><div class=\"fusion-clearfix\"><\/div><\/div><svg style=\"opacity:0.70;\" xmlns=\"http:\/\/www.w3.org\/2000\/svg\" version=\"1.1\" width=\"100%\" viewBox=\"0 0 600 28\" preserveAspectRatio=\"none\"><g clip-path=\"url(#a)\"><mask id=\"b\" style=\"mask-type:luminance\" maskUnits=\"userSpaceOnUse\" x=\"0\" y=\"0\" width=\"600\" height=\"28\"><path d=\"M0 0h600v28H0V0Z\" fill=\"#fff\"\/><\/mask><g filter=\"url(#c)\" mask=\"url(#b)\"><path d=\"M16.439-18.667h567.123v30.8S438.961-8.4 300-8.4C161.04-8.4 16.438 12.133 16.438 12.133v-30.8Z\" fill=\"#000\"\/><\/g><\/g><defs><clipPath id=\"a\"><path fill=\"#fff\" d=\"M0 0h600v28H0z\"\/><\/clipPath><filter id=\"c\" x=\"5.438\" y=\"-29.667\" width=\"589.123\" height=\"52.8\" filterUnits=\"userSpaceOnUse\" color-interpolation-filters=\"sRGB\"><feFlood flood-opacity=\"0\" result=\"BackgroundImageFix\"\/><feBlend in=\"SourceGraphic\" in2=\"BackgroundImageFix\" result=\"shape\"\/><feGaussianBlur stdDeviation=\"5.5\" result=\"effect1_foregroundBlur_3983_183\"\/><\/filter><\/defs><\/svg><\/div><div class=\"fusion-clearfix\"><\/div><\/div><\/div><\/div><\/div><div class=\"fusion-fullwidth fullwidth-box fusion-builder-row-5 nonhundred-percent-fullwidth non-hundred-percent-height-scrolling\" style=\"--awb-border-radius-top-left:0px;--awb-border-radius-top-right:0px;--awb-border-radius-bottom-right:0px;--awb-border-radius-bottom-left:0px;--awb-flex-wrap:wrap;\" ><div class=\"fusion-builder-row fusion-row\"><div class=\"fusion-layout-column fusion_builder_column fusion-builder-column-6 fusion_builder_column_1_2 1_2 fusion-one-half fusion-column-first\" style=\"--awb-bg-size:cover;width:50%;width:calc(50% - ( ( 4% ) * 0.5 ) );margin-right: 4%;\"><div class=\"fusion-column-wrapper fusion-column-has-shadow fusion-flex-column-wrapper-legacy\"><div class=\"fusion-title title fusion-title-2 fusion-title-text fusion-title-size-two\" style=\"--awb-sep-color:#000000;\"><h2 class=\"fusion-title-heading title-heading-left\" style=\"margin:0;\"><strong>Verband Deutscher Erbenermittler VDEE e.V.<\/strong><\/h2><span class=\"awb-title-spacer\"><\/span><div class=\"title-sep-container\"><div class=\"title-sep sep-double sep-solid\" style=\"border-color:#000000;\"><\/div><\/div><\/div><div class=\"fusion-image-element in-legacy-container\" style=\"--awb-bottom-shadow-color:rgba(0,0,0,0.4);--awb-caption-title-font-family:var(--h2_typography-font-family);--awb-caption-title-font-weight:var(--h2_typography-font-weight);--awb-caption-title-font-style:var(--h2_typography-font-style);--awb-caption-title-size:var(--h2_typography-font-size);--awb-caption-title-transform:var(--h2_typography-text-transform);--awb-caption-title-line-height:var(--h2_typography-line-height);--awb-caption-title-letter-spacing:var(--h2_typography-letter-spacing);\"><div class=\"awb-image-frame awb-image-frame-1 awb-bottomshadow\"><span class=\" fusion-imageframe imageframe-bottomshadow imageframe-1 hover-type-none\"><a class=\"fusion-no-lightbox\" href=\"https:\/\/www.verbanddeutschererbenermittler.de\/\" target=\"_blank\" aria-label=\"logo-vdee-2\" rel=\"noopener noreferrer\"><img decoding=\"async\" width=\"231\" height=\"139\" src=\"http:\/\/s210206476.online.de\/wp-content\/uploads\/2019\/08\/logo-vdee-2.jpg\" alt class=\"img-responsive wp-image-39\" srcset=\"https:\/\/erben-mayer.de\/wp-content\/uploads\/2019\/08\/logo-vdee-2-200x120.jpg 200w, https:\/\/erben-mayer.de\/wp-content\/uploads\/2019\/08\/logo-vdee-2.jpg 231w\" sizes=\"(max-width: 800px) 100vw, 231px\" \/><\/a><\/span><svg xmlns=\"http:\/\/www.w3.org\/2000\/svg\" version=\"1.1\" width=\"100%\" viewBox=\"0 0 600 28\" preserveAspectRatio=\"none\"><g clip-path=\"url(#a)\"><mask id=\"b\" style=\"mask-type:luminance\" maskUnits=\"userSpaceOnUse\" x=\"0\" y=\"0\" width=\"600\" height=\"28\"><path d=\"M0 0h600v28H0V0Z\" fill=\"#fff\"\/><\/mask><g filter=\"url(#c)\" mask=\"url(#b)\"><path d=\"M16.439-18.667h567.123v30.8S438.961-8.4 300-8.4C161.04-8.4 16.438 12.133 16.438 12.133v-30.8Z\" fill=\"#000\"\/><\/g><\/g><defs><clipPath id=\"a\"><path fill=\"#fff\" d=\"M0 0h600v28H0z\"\/><\/clipPath><filter id=\"c\" x=\"5.438\" y=\"-29.667\" width=\"589.123\" height=\"52.8\" filterUnits=\"userSpaceOnUse\" color-interpolation-filters=\"sRGB\"><feFlood flood-opacity=\"0\" result=\"BackgroundImageFix\"\/><feBlend in=\"SourceGraphic\" in2=\"BackgroundImageFix\" result=\"shape\"\/><feGaussianBlur stdDeviation=\"5.5\" result=\"effect1_foregroundBlur_3983_183\"\/><\/filter><\/defs><\/svg><\/div><\/div><div class=\"fusion-clearfix\"><\/div><\/div><\/div><div class=\"fusion-layout-column fusion_builder_column fusion-builder-column-7 fusion_builder_column_1_2 1_2 fusion-one-half fusion-column-last\" style=\"--awb-bg-size:cover;width:50%;width:calc(50% - ( ( 4% ) * 0.5 ) );\"><div class=\"fusion-column-wrapper fusion-column-has-shadow fusion-flex-column-wrapper-legacy\"><div class=\"fusion-title title fusion-title-3 fusion-title-text fusion-title-size-two\" style=\"--awb-sep-color:#000000;\"><h2 class=\"fusion-title-heading title-heading-left\" style=\"margin:0;\"><strong>Kdo jsme &#8230;<\/strong><\/h2><span class=\"awb-title-spacer\"><\/span><div class=\"title-sep-container\"><div class=\"title-sep sep-double sep-solid\" style=\"border-color:#000000;\"><\/div><\/div><\/div><div class=\"fusion-text fusion-text-3\"><p><strong>Na\u0161e kancel\u00e1\u0159 p\u016fsob\u00ed od roku 1985 v bran\u017ei p\u00e1tr\u00e1n\u00ed po d\u011bdic\u00edch v tuzemsku a v zahrani\u010d\u00ed.<br \/>\nJej\u00ed po\u010d\u00e1te\u010dn\u00ed n\u00e1pl\u0148 \u201egenealogick\u00e9ho v\u00fdzkumu\u201c byla od roku 1988 t\u00e9m\u011b\u0159 v\u00fdlu\u010dn\u011b p\u0159eorientov\u00e1na na p\u00e1tr\u00e1n\u00ed po d\u011bdic\u00edch v\u00a0d\u011bdick\u00fdch z\u00e1le\u017eitostech.<br \/>\n\u010cinnost jsme zah\u00e1jili v Moosburg (okres Freising).<br \/>\nV roce 1993 jsme se p\u0159est\u011bhovali do \u00a0Trostberg (okres Traunstein) do v\u011bt\u0161\u00edch prostor, kter\u00e9 byly v roce 2005 znovu roz\u0161\u00ed\u0159eny.<\/strong><\/p>\n<\/div><div class=\"fusion-clearfix\"><\/div><\/div><\/div><\/div><\/div><\/p>\n","protected":false},"excerpt":{"rendered":"","protected":false},"author":1,"featured_media":0,"parent":0,"menu_order":0,"comment_status":"closed","ping_status":"closed","template":"","meta":{"footnotes":""},"class_list":["post-350","page","type-page","status-publish","hentry"],"_links":{"self":[{"href":"https:\/\/erben-mayer.de\/cs\/wp-json\/wp\/v2\/pages\/350","targetHints":{"allow":["GET"]}}],"collection":[{"href":"https:\/\/erben-mayer.de\/cs\/wp-json\/wp\/v2\/pages"}],"about":[{"href":"https:\/\/erben-mayer.de\/cs\/wp-json\/wp\/v2\/types\/page"}],"author":[{"embeddable":true,"href":"https:\/\/erben-mayer.de\/cs\/wp-json\/wp\/v2\/users\/1"}],"replies":[{"embeddable":true,"href":"https:\/\/erben-mayer.de\/cs\/wp-json\/wp\/v2\/comments?post=350"}],"version-history":[{"count":3,"href":"https:\/\/erben-mayer.de\/cs\/wp-json\/wp\/v2\/pages\/350\/revisions"}],"predecessor-version":[{"id":398,"href":"https:\/\/erben-mayer.de\/cs\/wp-json\/wp\/v2\/pages\/350\/revisions\/398"}],"wp:attachment":[{"href":"https:\/\/erben-mayer.de\/cs\/wp-json\/wp\/v2\/media?parent=350"}],"curies":[{"name":"wp","href":"https:\/\/api.w.org\/{rel}","templated":true}]}}