{"id":223,"date":"2019-11-06T21:25:30","date_gmt":"2019-11-06T21:25:30","guid":{"rendered":"http:\/\/erben-mayer.de\/mentions-legales\/"},"modified":"2019-11-06T21:25:30","modified_gmt":"2019-11-06T21:25:30","slug":"mentions-legales","status":"publish","type":"page","link":"https:\/\/erben-mayer.de\/fr\/mentions-legales\/","title":{"rendered":"Mentions l\u00e9gales"},"content":{"rendered":"<h1><strong>Mentions l\u00e9gales<\/strong><\/h1>\n<p><strong>Informations conformes au \u00a7 5 TMG &#8211; loi allemande sur les t\u00e9l\u00e9 m\u00e9dias :<\/strong><\/p>\n<p>Recherches en mati\u00e8re successorale<br \/>\nReinhard Mayer<\/p>\n<p><strong>Adresse postale :<\/strong><br \/>\nJ\u00e4gerstr. 38<br \/>\n83308 Trostberg<\/p>\n<p><strong>Contact:<\/strong><\/p>\n<p>T\u00e9l\u00e9phone: +49 (0)8621 &#8211; 64878 0<br \/>\nT\u00e9l\u00e9fax: +49 (0)8621 &#8211; 64878 22<br \/>\nE-Mail: info@erben-mayer.de<\/p>\n<p><strong>Repr\u00e9sent\u00e9 par :<\/strong><\/p>\n<p>Reinhard Mayer<\/p>\n<p>&nbsp;<\/p>\n<p><strong><span lang=\"FR\">Num\u00e9ro d\u2019identification TVA<\/span><\/strong><\/p>\n<p>DE 1280 633 69<\/p>\n<p><em>Das Impressum wurde mit dem <a href=\"https:\/\/www.activemind.de\/datenschutz\/impressums-generator\/\">Impressums-Generator der activeMind AG<\/a> erstellt.<\/em><\/p>\n","protected":false},"excerpt":{"rendered":"<p>Mentions l\u00e9gales Informations conformes au \u00a7 5 TMG &#8211; loi  [&#8230;]<\/p>\n","protected":false},"author":1,"featured_media":0,"parent":0,"menu_order":0,"comment_status":"closed","ping_status":"closed","template":"100-width.php","meta":{"footnotes":""},"class_list":["post-223","page","type-page","status-publish","hentry"],"_links":{"self":[{"href":"https:\/\/erben-mayer.de\/fr\/wp-json\/wp\/v2\/pages\/223","targetHints":{"allow":["GET"]}}],"collection":[{"href":"https:\/\/erben-mayer.de\/fr\/wp-json\/wp\/v2\/pages"}],"about":[{"href":"https:\/\/erben-mayer.de\/fr\/wp-json\/wp\/v2\/types\/page"}],"author":[{"embeddable":true,"href":"https:\/\/erben-mayer.de\/fr\/wp-json\/wp\/v2\/users\/1"}],"replies":[{"embeddable":true,"href":"https:\/\/erben-mayer.de\/fr\/wp-json\/wp\/v2\/comments?post=223"}],"version-history":[{"count":0,"href":"https:\/\/erben-mayer.de\/fr\/wp-json\/wp\/v2\/pages\/223\/revisions"}],"wp:attachment":[{"href":"https:\/\/erben-mayer.de\/fr\/wp-json\/wp\/v2\/media?parent=223"}],"curies":[{"name":"wp","href":"https:\/\/api.w.org\/{rel}","templated":true}]}}